{"id":137,"date":"2023-01-26T09:51:16","date_gmt":"2023-01-26T09:51:16","guid":{"rendered":"https:\/\/www.hauland.fi\/hundeschule\/"},"modified":"2024-04-08T04:37:59","modified_gmt":"2024-04-08T04:37:59","slug":"hundeschule","status":"publish","type":"page","link":"https:\/\/www.hauland.fi\/de\/hundeschule\/","title":{"rendered":"Hundeschule"},"content":{"rendered":"\n<div class=\"wp-block-cover alignfull is-light is-style-inset-bottom\" style=\"min-height:100px;aspect-ratio:unset;\"><span aria-hidden=\"true\" class=\"wp-block-cover__background has-frischauf-background-color has-background-dim-100 has-background-dim\"><\/span><div class=\"wp-block-cover__inner-container is-layout-flow wp-block-cover-is-layout-flow\">\n<div style=\"height:50px\" aria-hidden=\"true\" class=\"wp-block-spacer\"><\/div>\n\n\n\n<div class=\"wp-block-columns is-layout-flex wp-container-core-columns-is-layout-28f84493 wp-block-columns-is-layout-flex\">\n<div class=\"wp-block-column is-layout-flow wp-block-column-is-layout-flow\" style=\"flex-basis:40%\">\n<h2 class=\"wp-block-heading has-white-color has-text-color\">Viel Spa\u00df beim Lernen<\/h2>\n\n\n\n<p class=\"has-black-color has-text-color has-normal-font-size\">In meiner Hundeschule ist jeder Hund willkommen, egal welche Rasse oder Alter. Meine Motivation ist, dass Du und Dein Hund locker den Alltag meistern k\u00f6nnt. Weiters auch, dass ihr neue Sachen zusammen lernt. Unsere vierbeinigen Freunde machen es uns zuliebe und nicht, weil es in ihrer Natur liegt. Die Bindung zwischen Mensch und Hund kann durch gemeinsame Arbeit gest\u00e4rkt werden.<\/p>\n\n\n\n<p class=\"has-black-color has-text-color has-normal-font-size\"><\/p>\n\n\n\n<div class=\"wp-block-button alignleft\"><a class=\"wp-block-button__link has-white-color has-black-background-color has-text-color has-background wp-element-button\" href=\"https:\/\/www.hauland.fi\/kontakt\/\">Jetzt Termin ausmachen<\/a><\/div>\n\n\n\n<div style=\"height:50px\" aria-hidden=\"true\" class=\"wp-block-spacer\"><\/div>\n<\/div>\n\n\n\n<div class=\"wp-block-column is-vertically-aligned-bottom is-layout-flow wp-block-column-is-layout-flow\">\n<figure class=\"wp-block-image size-large\"><img loading=\"lazy\" decoding=\"async\" width=\"1024\" height=\"678\" src=\"https:\/\/www.hauland.fi\/wp-content\/uploads\/2023\/01\/hunde-und-ich-1024x678.jpg\" alt=\"\" class=\"wp-image-107\" srcset=\"https:\/\/www.hauland.fi\/wp-content\/uploads\/2023\/01\/hunde-und-ich-1024x678.jpg 1024w, https:\/\/www.hauland.fi\/wp-content\/uploads\/2023\/01\/hunde-und-ich-300x199.jpg 300w, https:\/\/www.hauland.fi\/wp-content\/uploads\/2023\/01\/hunde-und-ich-768x509.jpg 768w, https:\/\/www.hauland.fi\/wp-content\/uploads\/2023\/01\/hunde-und-ich-416x276.jpg 416w, https:\/\/www.hauland.fi\/wp-content\/uploads\/2023\/01\/hunde-und-ich.jpg 1200w\" sizes=\"auto, (max-width: 1024px) 100vw, 1024px\" \/><\/figure>\n<\/div>\n<\/div>\n<\/div><\/div>\n\n<div style=\"height:50px\" aria-hidden=\"true\" class=\"wp-block-spacer\"><\/div>\n\n<p class=\"has-black-color has-text-color has-normal-font-size\">Jeder Hund hat seine pers\u00f6nliche Motivation mit dem das Lernen aufgebaut werden kann, egal ob Leckerli oder Spielen. Auf dem baut das Training auf. Deshalb ist es wichtig, dass Du Deinen Hund gut kennst oder kennen lernst. Mit diesem Wissen werdet ihr Erfolg und Spa\u00df in der Hundeschule haben. <\/p>\n\n<p class=\"has-black-color has-text-color has-normal-font-size\"><strong>Das Besondere: die Hunde d\u00fcrfen in den Pausen miteinander spielen, das den sozialen Kontakt untereinander st\u00e4rkt und f\u00f6rdert.<\/strong> Es f\u00f6rdert die sozialen F\u00e4higkeiten unserer vierbeinigen Freunde.<\/p>\n\n<div style=\"height:50px\" aria-hidden=\"true\" class=\"wp-block-spacer\"><\/div>\n\n<div class=\"wp-block-columns is-layout-flex wp-container-core-columns-is-layout-28f84493 wp-block-columns-is-layout-flex\">\n<div class=\"wp-block-column is-style-card is-layout-flow wp-block-column-is-layout-flow\">\n<figure class=\"wp-block-image size-full\"><img loading=\"lazy\" decoding=\"async\" width=\"960\" height=\"720\" src=\"https:\/\/www.hauland.fi\/wp-content\/uploads\/2023\/01\/FinnWelpe-1.jpg\" alt=\"\" class=\"wp-image-112\" srcset=\"https:\/\/www.hauland.fi\/wp-content\/uploads\/2023\/01\/FinnWelpe-1.jpg 960w, https:\/\/www.hauland.fi\/wp-content\/uploads\/2023\/01\/FinnWelpe-1-300x225.jpg 300w, https:\/\/www.hauland.fi\/wp-content\/uploads\/2023\/01\/FinnWelpe-1-768x576.jpg 768w, https:\/\/www.hauland.fi\/wp-content\/uploads\/2023\/01\/FinnWelpe-1-416x312.jpg 416w\" sizes=\"auto, (max-width: 960px) 100vw, 960px\" \/><\/figure>\n\n\n\n<div style=\"height:50px\" aria-hidden=\"true\" class=\"wp-block-spacer\"><\/div>\n\n\n\n<div class=\"wp-block-group\"><div class=\"wp-block-group__inner-container is-layout-flow wp-block-group-is-layout-flow\">\n<h2 class=\"wp-block-heading\"><strong>Welpenschule<\/strong><\/h2>\n\n\n\n<p>Die Kinder unter den Hunden stehen am Start ihres Lebens und k\u00f6nnen in der Welpenschule spielerisch die Regeln des Lebens erlernen. Sie wissen noch nicht was wir von ihnen wollen, aber mit Geduld und Feingef\u00fchl, als auch dem notwendigen Spa\u00dffaktor k\u00f6nnen wir es ihnen \u00fcbermitteln. Wie Menschenkinder, sind die Welpen sehr neugierig und m\u00fcssen alles genau erkunden. Das Ziel in meiner Welpenschule ist, dieses Verhalten zu f\u00f6rdern, um das Hundekind vorsichtig an neue Situationen heranzuf\u00fchren, ohne dass man sie gleich \u00fcberfordert.<\/p>\n\n\n\n<p>Mit abwechselnden Einheiten zwischen \u2013 Lernen und Spielen. Jedes Hundekind ist hier herzlich willkommen.<\/p>\n<\/div><\/div>\n<\/div>\n\n\n\n<div class=\"wp-block-column is-style-card is-layout-flow wp-block-column-is-layout-flow\">\n<figure class=\"wp-block-image size-large\"><img loading=\"lazy\" decoding=\"async\" width=\"1024\" height=\"878\" src=\"https:\/\/www.hauland.fi\/wp-content\/uploads\/2023\/01\/FB_IMG_1582294993432-1024x878.jpg\" alt=\"\" class=\"wp-image-115\" srcset=\"https:\/\/www.hauland.fi\/wp-content\/uploads\/2023\/01\/FB_IMG_1582294993432-1024x878.jpg 1024w, https:\/\/www.hauland.fi\/wp-content\/uploads\/2023\/01\/FB_IMG_1582294993432-300x257.jpg 300w, https:\/\/www.hauland.fi\/wp-content\/uploads\/2023\/01\/FB_IMG_1582294993432-768x658.jpg 768w, https:\/\/www.hauland.fi\/wp-content\/uploads\/2023\/01\/FB_IMG_1582294993432-416x357.jpg 416w, https:\/\/www.hauland.fi\/wp-content\/uploads\/2023\/01\/FB_IMG_1582294993432.jpg 1080w\" sizes=\"auto, (max-width: 1024px) 100vw, 1024px\" \/><\/figure>\n\n\n\n<div style=\"height:50px\" aria-hidden=\"true\" class=\"wp-block-spacer\"><\/div>\n\n\n\n<div class=\"wp-block-group\"><div class=\"wp-block-group__inner-container is-layout-flow wp-block-group-is-layout-flow\">\n<h2 class=\"wp-block-heading\"><strong>Einzeltraining<\/strong><\/h2>\n\n\n\n<p>Hier findest Du Hilfe, wenn es Situationen gibt, in denen Du mit Deinem vierbeinigen Freund \u00fcberfordert bist. In Einzelstunden gehen wir auf das jeweilige Problem ein und arbeiten an individuellen L\u00f6sungen. Ziel ist es, dass die Hunde wieder entspannt das Leben an der Seite des Menschen und umgekehrt genie\u00dfen k\u00f6nnen.<\/p>\n\n\n\n<p><strong>H\u00e4ufige Probleme<\/strong><\/p>\n\n\n\n<ul class=\"wp-block-list\">\n<li>Leinenf\u00fchrigkeit<\/li>\n\n\n\n<li>Angst- und Stressmanagement<\/li>\n\n\n\n<li>Ressourcen-Management<\/li>\n\n\n\n<li>Alltagstraining<\/li>\n\n\n\n<li>Trennungsangst &#8211; alleine zuhause bleiben<\/li>\n\n\n\n<li>Training mit Radfahrer, Rollerskater und Jogger.<\/li>\n<\/ul>\n<\/div><\/div>\n<\/div>\n<\/div>\n\n<div class=\"wp-block-columns is-layout-flex wp-container-core-columns-is-layout-28f84493 wp-block-columns-is-layout-flex\">\n<div class=\"wp-block-column is-style-card is-layout-flow wp-block-column-is-layout-flow\">\n<figure class=\"wp-block-image size-large\"><img loading=\"lazy\" decoding=\"async\" width=\"1024\" height=\"678\" src=\"https:\/\/www.hauland.fi\/wp-content\/uploads\/2023\/01\/DSC_0168_2-scaled-1-1024x678.jpg\" alt=\"\" class=\"wp-image-118\" srcset=\"https:\/\/www.hauland.fi\/wp-content\/uploads\/2023\/01\/DSC_0168_2-scaled-1-1024x678.jpg 1024w, https:\/\/www.hauland.fi\/wp-content\/uploads\/2023\/01\/DSC_0168_2-scaled-1-300x199.jpg 300w, https:\/\/www.hauland.fi\/wp-content\/uploads\/2023\/01\/DSC_0168_2-scaled-1-768x509.jpg 768w, https:\/\/www.hauland.fi\/wp-content\/uploads\/2023\/01\/DSC_0168_2-scaled-1-1536x1017.jpg 1536w, https:\/\/www.hauland.fi\/wp-content\/uploads\/2023\/01\/DSC_0168_2-scaled-1-2048x1356.jpg 2048w, https:\/\/www.hauland.fi\/wp-content\/uploads\/2023\/01\/DSC_0168_2-scaled-1-416x275.jpg 416w\" sizes=\"auto, (max-width: 1024px) 100vw, 1024px\" \/><\/figure>\n\n\n\n<div class=\"wp-block-group\"><div class=\"wp-block-group__inner-container is-layout-flow wp-block-group-is-layout-flow\">\n<div style=\"height:50px\" aria-hidden=\"true\" class=\"wp-block-spacer\"><\/div>\n\n\n\n<h2 class=\"wp-block-heading\"><strong>K\u00f6rpersprache &#8211; Workshop<\/strong><\/h2>\n\n\n\n<p>In diesem Workshop m\u00f6chte ich Dir zeigen, wie Hunde untereinander kommunizieren. Es gibt einen Theorieteil, wo Du das Basiswissen erkl\u00e4rt bekommst. Wir machen Videos von verschiedenen Situationen und analysieren sie gemeinsam, wo Du einen \u00dcberblick bekommst, wie Hundesprache funktioniert. <\/p>\n<\/div><\/div>\n<\/div>\n\n\n\n<div class=\"wp-block-column is-style-card is-layout-flow wp-block-column-is-layout-flow\">\n<figure class=\"wp-block-image size-full\"><img loading=\"lazy\" decoding=\"async\" width=\"548\" height=\"365\" src=\"https:\/\/www.hauland.fi\/wp-content\/uploads\/2023\/01\/IMG_2467klein.jpg\" alt=\"\" class=\"wp-image-121\" srcset=\"https:\/\/www.hauland.fi\/wp-content\/uploads\/2023\/01\/IMG_2467klein.jpg 548w, https:\/\/www.hauland.fi\/wp-content\/uploads\/2023\/01\/IMG_2467klein-300x200.jpg 300w, https:\/\/www.hauland.fi\/wp-content\/uploads\/2023\/01\/IMG_2467klein-416x277.jpg 416w\" sizes=\"auto, (max-width: 548px) 100vw, 548px\" \/><\/figure>\n\n\n\n<div class=\"wp-block-group\"><div class=\"wp-block-group__inner-container is-layout-flow wp-block-group-is-layout-flow\">\n<div style=\"height:50px\" aria-hidden=\"true\" class=\"wp-block-spacer\"><\/div>\n\n\n\n<p class=\"has-large-font-size\"><strong>Gruppenkurse<\/strong><\/p>\n\n\n\n<p>Wer kennt es nicht, dass unser Liebling alleine alles super kann und kaum sind Artgenossen vorort, ist es mit der Aufmerksamkeit oder der Konzentration vorbei und nichts klappt mehr.<\/p>\n\n\n\n<p>Beim Gruppentraining ist die Herausforderung, dass die Hunde unter Ablenkung lernen zu arbeiten. Einerseits muss man sich trotzdem auf den eigenen Vierbeiner konzentrieren, andererseits kann man sich auch Anregungen bei Trainingskollegen holen.<\/p>\n\n\n\n<p>Meine Aufgabe ist es, dass jeder Mensch zusammen mit seinem Hund einen Weg im Kurs findet, wie er die Ziele verwirklichen kann, sodass diese im realen Leben umgesetzt werden k\u00f6nnen.<\/p>\n\n\n\n<div style=\"height:50px\" aria-hidden=\"true\" class=\"wp-block-spacer\"><\/div>\n<\/div><\/div>\n<\/div>\n<\/div>\n\n<div style=\"height:50px\" aria-hidden=\"true\" class=\"wp-block-spacer\"><\/div>\n\n<h2 class=\"wp-block-heading\">Preise<\/h2>\n\n<figure class=\"wp-block-table is-style-stripes\"><table class=\"has-fixed-layout\"><thead><tr><th>Leistung<\/th><th><\/th><\/tr><\/thead><tbody><tr><td> 5x Welpenkurs (3-6 m.) 125 \u20ac<br\/>10x Welpentraining (3-6 m) 225 \u20ac<br\/> 5tx Teenager Kurs (6-12 m.) 125 \u20ac<br\/>10x Teenager Kurs 225 \u20ac <\/td><td><br\/><br\/><br\/><\/td><\/tr><tr><td>5x Hundekurs (ab 1 Jahr) 135 \u20ac<br\/>10x Hundeurs (ab 1 Jahr) 250 \u20ac<br\/>Sonderkurs (Leinenkurs, R\u00fcckrufkurs jeweils 3x) 150 \u20ac<br\/><br\/>Workshop K\u00f6rpersprache Hunde (3 Stunden Theorie und 2 Stunden Praxis) 175 \u20ac<\/td><td><br\/><br\/><br\/><br\/><br\/><\/td><\/tr><tr><td>Privates Training 80 \u20ac\/ h<br\/><br\/>Bank Details: OP (Osuus Pankki) Iban: FI13 5280 0020 1157 13<br\/>                          <\/td><td><br\/><br\/><br\/><\/td><\/tr><\/tbody><\/table><\/figure>\n\n<div style=\"height:50px\" aria-hidden=\"true\" class=\"wp-block-spacer\"><\/div>\n\n<div class=\"wp-block-columns are-vertically-aligned-center is-style-card is-layout-flex wp-container-core-columns-is-layout-28f84493 wp-block-columns-is-layout-flex\">\n<div class=\"wp-block-column is-vertically-aligned-center bottom-collapse is-layout-flow wp-block-column-is-layout-flow\">\n<figure class=\"wp-block-image size-full bottom-collapse\"><img loading=\"lazy\" decoding=\"async\" width=\"960\" height=\"720\" src=\"https:\/\/www.hauland.fi\/wp-content\/uploads\/2023\/01\/trio3-1.jpg\" alt=\"\" class=\"wp-image-124\" srcset=\"https:\/\/www.hauland.fi\/wp-content\/uploads\/2023\/01\/trio3-1.jpg 960w, https:\/\/www.hauland.fi\/wp-content\/uploads\/2023\/01\/trio3-1-300x225.jpg 300w, https:\/\/www.hauland.fi\/wp-content\/uploads\/2023\/01\/trio3-1-768x576.jpg 768w, https:\/\/www.hauland.fi\/wp-content\/uploads\/2023\/01\/trio3-1-416x312.jpg 416w\" sizes=\"auto, (max-width: 960px) 100vw, 960px\" \/><\/figure>\n<\/div>\n\n\n\n<div class=\"wp-block-column is-vertically-aligned-center is-layout-flow wp-block-column-is-layout-flow\">\n<h2 class=\"wp-block-heading\"><br\/><strong>\u00d6ffnungszeiten<\/strong><\/h2>\n\n\n\n<p class=\"has-medium-font-size\"><strong>Gruppenkurse<\/strong> <strong>Start 2. Oktober 23<\/strong><strong>Anmeldung jetzt m\u00f6glich<\/strong><\/p>\n\n\n\n<p> Monday 17:30 pm ( from 8 months on)<\/p>\n\n\n\n<p>Mittwoch 10 am (f\u00fcr alle Hunde)<\/p>\n\n\n\n<p>Mittwoch 17:30 pm: (ab 8 Monate) <\/p>\n\n\n\n<p>Donnerstag 15 pm (3-6 m)<\/p>\n\n\n\n<p>Samstag 9 am (3-6 Monate) <\/p>\n\n\n\n<p>Samstag 10:30 am ( ab 8 Monate)<\/p>\n<\/div>\n\n\n\n<div class=\"wp-block-column is-layout-flow wp-block-column-is-layout-flow\" style=\"flex-basis:20px\"><\/div>\n<\/div>\n\n<div style=\"height:50px\" aria-hidden=\"true\" class=\"wp-block-spacer\"><\/div>\n\n<div class=\"wp-block-cover alignfull\"><span aria-hidden=\"true\" class=\"wp-block-cover__background has-background-dim-0 has-background-dim\"><\/span><img loading=\"lazy\" decoding=\"async\" width=\"1080\" height=\"810\" class=\"wp-block-cover__image-background wp-image-127\" alt=\"\" src=\"https:\/\/www.hauland.fi\/wp-content\/uploads\/2023\/01\/Duo2.jpg\" style=\"object-position:50% 60%\" data-object-fit=\"cover\" data-object-position=\"50% 60%\" srcset=\"https:\/\/www.hauland.fi\/wp-content\/uploads\/2023\/01\/Duo2.jpg 1080w, https:\/\/www.hauland.fi\/wp-content\/uploads\/2023\/01\/Duo2-300x225.jpg 300w, https:\/\/www.hauland.fi\/wp-content\/uploads\/2023\/01\/Duo2-1024x768.jpg 1024w, https:\/\/www.hauland.fi\/wp-content\/uploads\/2023\/01\/Duo2-768x576.jpg 768w, https:\/\/www.hauland.fi\/wp-content\/uploads\/2023\/01\/Duo2-416x312.jpg 416w\" sizes=\"auto, (max-width: 1080px) 100vw, 1080px\" \/><div class=\"wp-block-cover__inner-container is-layout-flow wp-block-cover-is-layout-flow\">\n<p class=\"has-text-align-center has-large-font-size\"><\/p>\n<\/div><\/div>\n","protected":false},"excerpt":{"rendered":"<p>Jeder Hund hat seine pers\u00f6nliche Motivation mit dem das Lernen aufgebaut werden kann, egal ob Leckerli oder Spielen. Auf dem baut das Training auf. Deshalb ist es wichtig, dass Du Deinen Hund gut kennst oder kennen lernst. Mit diesem Wissen werdet ihr Erfolg und Spa\u00df in der Hundeschule haben. Das Besondere: die Hunde d\u00fcrfen in [&hellip;]<\/p>\n","protected":false},"author":1,"featured_media":0,"parent":0,"menu_order":0,"comment_status":"closed","ping_status":"closed","template":"template-fullwidth.php","meta":{"footnotes":""},"class_list":["post-137","page","type-page","status-publish","hentry"],"_links":{"self":[{"href":"https:\/\/www.hauland.fi\/de\/wp-json\/wp\/v2\/pages\/137","targetHints":{"allow":["GET"]}}],"collection":[{"href":"https:\/\/www.hauland.fi\/de\/wp-json\/wp\/v2\/pages"}],"about":[{"href":"https:\/\/www.hauland.fi\/de\/wp-json\/wp\/v2\/types\/page"}],"author":[{"embeddable":true,"href":"https:\/\/www.hauland.fi\/de\/wp-json\/wp\/v2\/users\/1"}],"replies":[{"embeddable":true,"href":"https:\/\/www.hauland.fi\/de\/wp-json\/wp\/v2\/comments?post=137"}],"version-history":[{"count":0,"href":"https:\/\/www.hauland.fi\/de\/wp-json\/wp\/v2\/pages\/137\/revisions"}],"wp:attachment":[{"href":"https:\/\/www.hauland.fi\/de\/wp-json\/wp\/v2\/media?parent=137"}],"curies":[{"name":"wp","href":"https:\/\/api.w.org\/{rel}","templated":true}]}}