{"id":311,"date":"2023-01-20T10:39:43","date_gmt":"2023-01-20T10:39:43","guid":{"rendered":"https:\/\/www.hauland.fi\/home\/"},"modified":"2023-08-28T10:31:58","modified_gmt":"2023-08-28T10:31:58","slug":"home","status":"publish","type":"page","link":"https:\/\/www.hauland.fi\/de\/","title":{"rendered":"Home"},"content":{"rendered":"\n<div class=\"wp-block-cover alignfull is-light is-style-inset-bottom\" style=\"min-height:100px;aspect-ratio:unset;\"><span aria-hidden=\"true\" class=\"wp-block-cover__background has-frischauf-background-color has-background-dim-100 has-background-dim\"><\/span><div class=\"wp-block-cover__inner-container is-layout-flow wp-block-cover-is-layout-flow\">\n<div style=\"height:50px\" aria-hidden=\"true\" class=\"wp-block-spacer\"><\/div>\n\n\n\n<p class=\"has-text-align-center has-huge-font-size\">willkommen bei \u201eHauland\u201c &#8211; besondere Services f\u00fcr Dich und Deinen Hund!<\/p>\n\n\n\n<p>Hundeschule &#8211; BnB &#8211; Klangschalen Massage &#8211; Hundefutter<\/p>\n\n\n<div class=\"wp-block-image overlay-bottom\">\n<figure class=\"aligncenter size-full\"><img loading=\"lazy\" decoding=\"async\" width=\"1200\" height=\"795\" src=\"https:\/\/www.hauland.fi\/wp-content\/uploads\/2023\/01\/hunde-und-ich.jpg\" alt=\"\" class=\"wp-image-107\" srcset=\"https:\/\/www.hauland.fi\/wp-content\/uploads\/2023\/01\/hunde-und-ich.jpg 1200w, https:\/\/www.hauland.fi\/wp-content\/uploads\/2023\/01\/hunde-und-ich-300x199.jpg 300w, https:\/\/www.hauland.fi\/wp-content\/uploads\/2023\/01\/hunde-und-ich-1024x678.jpg 1024w, https:\/\/www.hauland.fi\/wp-content\/uploads\/2023\/01\/hunde-und-ich-768x509.jpg 768w, https:\/\/www.hauland.fi\/wp-content\/uploads\/2023\/01\/hunde-und-ich-416x276.jpg 416w\" sizes=\"auto, (max-width: 1200px) 100vw, 1200px\" \/><\/figure>\n<\/div><\/div><\/div>\n\n<div style=\"height:25px\" aria-hidden=\"true\" class=\"wp-block-spacer\"><\/div>\n\n<div class=\"wp-block-group alignfull\"><div class=\"wp-block-group__inner-container is-layout-flow wp-block-group-is-layout-flow\">\n<p class=\"has-text-align-center has-medium-font-size\"><strong>Meine Leistungen in der Hundeschule<\/strong> <br\/><strong>Hundeschule, Einzeltraining, Sonderkurse, Workshops<br\/>Hundefutter<br\/>Workhops mit Hunden<\/strong><\/p>\n<\/div><\/div>\n\n<figure class=\"wp-block-embed is-type-video is-provider-youtube wp-block-embed-youtube wp-embed-aspect-16-9 wp-has-aspect-ratio\"><div class=\"wp-block-embed__wrapper\">\n<iframe loading=\"lazy\" title=\"HaulandVideo\" width=\"980\" height=\"551\" src=\"https:\/\/www.youtube.com\/embed\/UBtnhxWocWo?start=63&#038;feature=oembed\" frameborder=\"0\" allow=\"accelerometer; autoplay; clipboard-write; encrypted-media; gyroscope; picture-in-picture; web-share\" allowfullscreen><\/iframe>\n<\/div><figcaption class=\"wp-element-caption\"><br><\/figcaption><\/figure>\n\n<p><strong>In diesem Video siehst Du einen \u00dcberblick meiner Angebote der Hundeschule auf Finnisch, mit englischen Untertiteln.<\/strong><\/p>\n\n<div class=\"wp-block-columns is-layout-flex wp-container-core-columns-is-layout-28f84493 wp-block-columns-is-layout-flex\">\n<div class=\"wp-block-column is-layout-flow wp-block-column-is-layout-flow\" style=\"flex-basis:100%\">\n<div class=\"wp-block-cover is-light\" style=\"min-height:560px;aspect-ratio:unset;\"><span aria-hidden=\"true\" class=\"wp-block-cover__background has-background-dim-40 has-background-dim\"><\/span><img loading=\"lazy\" decoding=\"async\" width=\"1280\" height=\"720\" class=\"wp-block-cover__image-background wp-image-70\" alt=\"\" src=\"https:\/\/www.hauland.fi\/wp-content\/uploads\/2023\/01\/video-vorschau-frischauf.webp\" data-object-fit=\"cover\" srcset=\"https:\/\/www.hauland.fi\/wp-content\/uploads\/2023\/01\/video-vorschau-frischauf.webp 1280w, https:\/\/www.hauland.fi\/wp-content\/uploads\/2023\/01\/video-vorschau-frischauf-300x169.webp 300w, https:\/\/www.hauland.fi\/wp-content\/uploads\/2023\/01\/video-vorschau-frischauf-1024x576.webp 1024w, https:\/\/www.hauland.fi\/wp-content\/uploads\/2023\/01\/video-vorschau-frischauf-768x432.webp 768w, https:\/\/www.hauland.fi\/wp-content\/uploads\/2023\/01\/video-vorschau-frischauf-416x234.webp 416w\" sizes=\"auto, (max-width: 1280px) 100vw, 1280px\" \/><div class=\"wp-block-cover__inner-container is-layout-flow wp-block-cover-is-layout-flow\">\n<div class=\"wp-block-buttons is-content-justification-center is-layout-flex wp-container-core-buttons-is-layout-a89b3969 wp-block-buttons-is-layout-flex\">\n<div class=\"wp-block-button\"><a class=\"wp-block-button__link has-frischauf-background-color has-background wp-element-button\" href=\"https:\/\/www.youtube.com\/watch?v=YmKB9JSVwqo\" target=\"_blank\" rel=\"noreferrer noopener\">Video auf YouTube ansehen<\/a><\/div>\n<\/div>\n\n\n\n<div style=\"height:25px\" aria-hidden=\"true\" class=\"wp-block-spacer\"><\/div>\n\n\n\n<p class=\"has-text-align-center\"><\/p>\n<\/div><\/div>\n\n\n\n<p><strong>In diesem Video siehst du einen \u00dcberblick meiner Leistungen der Hundeschule in \u00d6sterreich.<\/strong><\/p>\n<\/div>\n<\/div>\n<div class=\"wp-block-image\">\n<figure class=\"aligncenter size-full\"><img loading=\"lazy\" decoding=\"async\" width=\"300\" height=\"300\" src=\"https:\/\/www.hauland.fi\/wp-content\/uploads\/2023\/01\/frischauf-trio-300x300-1.jpg\" alt=\"\" class=\"wp-image-73\" srcset=\"https:\/\/www.hauland.fi\/wp-content\/uploads\/2023\/01\/frischauf-trio-300x300-1.jpg 300w, https:\/\/www.hauland.fi\/wp-content\/uploads\/2023\/01\/frischauf-trio-300x300-1-150x150.jpg 150w, https:\/\/www.hauland.fi\/wp-content\/uploads\/2023\/01\/frischauf-trio-300x300-1-100x100.jpg 100w\" sizes=\"auto, (max-width: 300px) 100vw, 300px\" \/><\/figure>\n<\/div>\n<blockquote class=\"wp-block-quote has-text-align-center is-layout-flow wp-block-quote-is-layout-flow\">\n<p>Hunde sind Individuen, genauso wie Menaschen<br\/>Kreatives Training, mit Herz, Spa\u00df und dem Motto:<br\/>&#8222;Es dauert, so lang es dauert!&#8220;<br\/>Sind die Grundlagen f\u00fcr ein gutes Hundetraining.<\/p>\n<\/blockquote>\n\n<div style=\"height:50px\" aria-hidden=\"true\" class=\"wp-block-spacer\"><\/div>\n\n<div class=\"wp-block-cover alignfull is-light is-style-inset-top\"><span aria-hidden=\"true\" class=\"wp-block-cover__background has-frischauf-background-color has-background-dim-100 has-background-dim\"><\/span><div class=\"wp-block-cover__inner-container is-layout-flow wp-block-cover-is-layout-flow\">\n<div class=\"wp-block-group alignwide pull\"><div class=\"wp-block-group__inner-container is-layout-flow wp-block-group-is-layout-flow\">\n\n\n<div style=\"height:50px\" aria-hidden=\"true\" class=\"wp-block-spacer\"><\/div>\n\n\n\n<div class=\"wp-block-button aligncenter\"><a class=\"wp-block-button__link has-white-color has-black-background-color has-text-color has-background wp-element-button\" href=\"https:\/\/www.hauland.fi\/shop\/\">Zum HAULAND-Shop<\/a><\/div>\n<\/div><\/div>\n<\/div><\/div>\n","protected":false},"excerpt":{"rendered":"<p>Meine Leistungen in der Hundeschule Hundeschule, Einzeltraining, Sonderkurse, WorkshopsHundefutterWorkhops mit Hunden In diesem Video siehst Du einen \u00dcberblick meiner Angebote der Hundeschule auf Finnisch, mit englischen Untertiteln. In diesem Video siehst du einen \u00dcberblick meiner Leistungen der Hundeschule in \u00d6sterreich. Hunde sind Individuen, genauso wie MenaschenKreatives Training, mit Herz, Spa\u00df und dem Motto:&#8222;Es dauert, so [&hellip;]<\/p>\n","protected":false},"author":1,"featured_media":0,"parent":0,"menu_order":0,"comment_status":"closed","ping_status":"closed","template":"template-fullwidth.php","meta":{"footnotes":""},"class_list":["post-311","page","type-page","status-publish","hentry"],"_links":{"self":[{"href":"https:\/\/www.hauland.fi\/de\/wp-json\/wp\/v2\/pages\/311","targetHints":{"allow":["GET"]}}],"collection":[{"href":"https:\/\/www.hauland.fi\/de\/wp-json\/wp\/v2\/pages"}],"about":[{"href":"https:\/\/www.hauland.fi\/de\/wp-json\/wp\/v2\/types\/page"}],"author":[{"embeddable":true,"href":"https:\/\/www.hauland.fi\/de\/wp-json\/wp\/v2\/users\/1"}],"replies":[{"embeddable":true,"href":"https:\/\/www.hauland.fi\/de\/wp-json\/wp\/v2\/comments?post=311"}],"version-history":[{"count":0,"href":"https:\/\/www.hauland.fi\/de\/wp-json\/wp\/v2\/pages\/311\/revisions"}],"wp:attachment":[{"href":"https:\/\/www.hauland.fi\/de\/wp-json\/wp\/v2\/media?parent=311"}],"curies":[{"name":"wp","href":"https:\/\/api.w.org\/{rel}","templated":true}]}}