{"id":3174,"date":"2026-03-17T09:46:35","date_gmt":"2026-03-17T09:46:35","guid":{"rendered":"https:\/\/www.hauland.fi\/online-beratung\/"},"modified":"2026-03-26T15:31:27","modified_gmt":"2026-03-26T15:31:27","slug":"online-beratung","status":"publish","type":"page","link":"https:\/\/www.hauland.fi\/de\/online-beratung\/","title":{"rendered":"Online Beratung"},"content":{"rendered":"\n<figure class=\"wp-block-image size-full is-resized is-style-default\"><img loading=\"lazy\" decoding=\"async\" width=\"923\" height=\"662\" src=\"https:\/\/www.hauland.fi\/wp-content\/uploads\/2026\/03\/Screenshot-66.png\" alt=\"\" class=\"wp-image-3168\" style=\"aspect-ratio:1.3942600698099619;width:192px;height:auto\" srcset=\"https:\/\/www.hauland.fi\/wp-content\/uploads\/2026\/03\/Screenshot-66.png 923w, https:\/\/www.hauland.fi\/wp-content\/uploads\/2026\/03\/Screenshot-66-300x215.png 300w, https:\/\/www.hauland.fi\/wp-content\/uploads\/2026\/03\/Screenshot-66-768x551.png 768w, https:\/\/www.hauland.fi\/wp-content\/uploads\/2026\/03\/Screenshot-66-416x298.png 416w\" sizes=\"auto, (max-width: 923px) 100vw, 923px\" \/><\/figure>\n\n<div class=\"wp-block-buttons is-layout-flex wp-block-buttons-is-layout-flex\">\n<div class=\"wp-block-button is-style-fill\"><a class=\"wp-block-button__link wp-element-button\" href=\"https:\/\/calendly.com\/hauland-info\/online-dog-training-initial-session\">Jetzt buchen <\/a><\/div>\n<\/div>\n\n<h2 class=\"wp-block-heading\"><strong>Online Hundetraining &amp; Verhaltensberatung<\/strong><\/h2>\n\n<h3 class=\"wp-block-heading\"><strong>Individuell. Ruhig. Alltagstauglich.  <\/strong><\/h3>\n\n<p>Egal ob Leinenstress, Unsicherheit oder Unruhe im Alltag \u2013<br\/>du musst das nicht alleine l\u00f6sen.<br\/><\/p>\n\n<p>In meiner Onlineberatung unterst\u00fctze ich dich dabei, deinen Hund besser zu verstehen und wieder mehr Ruhe und Klarheit in euren Alltag zu bringen.<\/p>\n\n<hr class=\"wp-block-separator has-alpha-channel-opacity\"\/>\n\n<h2 class=\"wp-block-heading\"><strong>F\u00fchlt sich euer Alltag gerade anstrengend an?<\/strong><\/h2>\n\n<p>Is your dog pulling on the leash, reacting to other dogs, or barely responsive outside, or showing aggressive behaviour?<\/p>\n\n<p>Spazierg\u00e4nge sind eher stressig als entspannt \u2013 und du hast vielleicht schon einiges ausprobiert, aber nichts funktioniert wirklich nachhaltig?<\/p>\n\n<p>That\u2019s exactly where we start.<\/p>\n\n<hr class=\"wp-block-separator has-alpha-channel-opacity\"\/>\n\n<h2 class=\"wp-block-heading\"><strong>So arbeite ich<\/strong><\/h2>\n\n<p>Ich arbeite ruhig, klar und ohne Druck.<\/p>\n\n<p>Instead of rigid methods, you get training that truly fits you and your dog \u2013 individual, easy to understand, and practical for real life.<\/p>\n\n<p>Statt starrer Methoden bekommst du ein Training, das zu dir und deinem Hund passt \u2013 individuell, verst\u00e4ndlich und direkt im Alltag umsetzbar.<\/p>\n\n<ul class=\"wp-block-list\">\n<li>echte Orientierung statt Kontrolle<\/li>\n\n\n\n<li>Ruhe statt Daueranspannung<\/li>\n\n\n\n<li>nachhaltige Ver\u00e4nderung statt kurzfristiger L\u00f6sungen<\/li>\n<\/ul>\n\n<hr class=\"wp-block-separator has-alpha-channel-opacity\"\/>\n\n<h2 class=\"wp-block-heading\"><strong>So funktioniert die Onlineberatung<\/strong><\/h2>\n\n<ol class=\"wp-block-list\">\n<li>Du buchst dein Erstgespr\u00e4ch<\/li>\n\n\n\n<li>Du beschreibst deine Situation (gerne kannst du mir ein Video schicken)<\/li>\n\n\n\n<li>Wir analysieren eure Situation im Detail<\/li>\n\n\n\n<li>Du bekommst klare, umsetzbare Trainingsschritte<\/li>\n\n\n\n<li>Optional begleite ich euch weiter<\/li>\n<\/ol>\n\n<hr class=\"wp-block-separator has-alpha-channel-opacity\"\/>\n\n<h2 class=\"wp-block-heading\"><strong>Meine Angebote<\/strong><\/h2>\n\n<h3 class=\"wp-block-heading\"><strong>1:1 Online Erstanalyse1:1<\/strong><\/h3>\n\n<p>Der ideale Einstieg, um Klarheit zu bekommen und die ersten Schritte richtig zu setzen..<\/p>\n\n<p>\u2013 60 Minuten pers\u00f6nliche Beratung<br\/>\u2013 individuelle Analyse eurer Situation<br\/>\u2013 erste konkrete Trainingsans\u00e4tze<br\/>\u2013 optional Videoanalyse<\/p>\n\n<p>Preis: 85 \u20ac<\/p>\n\n<hr class=\"wp-block-separator has-alpha-channel-opacity\"\/>\n\n<h3 class=\"wp-block-heading\"><strong>4 Wochen Intensivbegleitung<\/strong><\/h3>\n\n<p>F\u00fcr dich, wenn du echte Ver\u00e4nderung willst \u2013 nicht nur Tipps.<\/p>\n\n<p>Ich begleite euch Schritt f\u00fcr Schritt im Alltag und passe das Training individuell an euch an.<\/p>\n\n<p>\u2013 4 x 1:1 Online Sessions<br\/>\u2013 klarer Trainingsplan<br\/>\u2013 laufende Anpassung<br\/>\u2013 Unterst\u00fctzung zwischen den Terminen<br\/><\/p>\n\n<p>Preis: 330 \u20ac<\/p>\n\n<hr class=\"wp-block-separator has-alpha-channel-opacity\"\/>\n\n<h3 class=\"wp-block-heading\"><strong>Spezielle Themen<\/strong><\/h3>\n\n<p>Individuelle Unterst\u00fctzung f\u00fcr:<\/p>\n\n<p>\u2013 Leinenf\u00fchrigkeit &amp; entspannte Spazierg\u00e4nge<br\/>\u2013 reaktive Hunde &amp; Begegnungstraining<br\/>\u2013 Junghunde &amp; Alltagstraining<br\/>\u2013 innere Ruhe &amp; Stressregulation<\/p>\n\n<hr class=\"wp-block-separator has-alpha-channel-opacity\"\/>\n\n<h2 class=\"wp-block-heading\"><strong>F\u00fcr wen ist das geeignet?<\/strong><\/h2>\n\n<p>Dieses Training ist f\u00fcr dich, wenn dein Hund:<\/p>\n\n<p>\u2013 an der Leine zieht<br\/>\u2013 auf andere Hunde reagiert<br\/>\u2013 schnell gestresst ist<br\/>\u2013 schwer zur Ruhe kommt<\/p>\n\n<p>und du dir einen entspannten, klaren Alltag w\u00fcnschst.<\/p>\n\n<hr class=\"wp-block-separator has-alpha-channel-opacity\"\/>\n\n<h2 class=\"wp-block-heading\"><strong>Warum Online funktioniert<\/strong><\/h2>\n\n<p>Verhalten entsteht im Alltag \u2013 genau dort setzen wir an.<\/p>\n\n<p>Online bedeutet f\u00fcr dich:<\/p>\n\n<p>\u2013 Training in deiner gewohnten Umgebung<br\/>\u2013 flexible Termine<br\/>\u2013 direkte Umsetzung im echten Leben<\/p>\n\n<hr class=\"wp-block-separator has-alpha-channel-opacity\"\/>\n\n<h2 class=\"wp-block-heading\"><strong>Starte jetzt<\/strong><\/h2>\n\n<p>Du musst das nicht alleine l\u00f6sen.<\/p>\n\n<p>Mit klarer Anleitung, Verst\u00e4ndnis und einem ruhigen Trainingsansatz kann sich euer Alltag nachhaltig ver\u00e4ndern.<\/p>\n\n<p>\ud83d\udc49 Jetzt Erstgespr\u00e4ch buchen via Nachricht<\/p>\n\n<p>Whatsapp: +358 406781786<\/p>\n\n<p>Email: info@hauland.fi<\/p>\n","protected":false},"excerpt":{"rendered":"<p>Online Hundetraining &amp; Verhaltensberatung Individuell. Ruhig. Alltagstauglich. Egal ob Leinenstress, Unsicherheit oder Unruhe im Alltag \u2013du musst das nicht alleine l\u00f6sen. In meiner Onlineberatung unterst\u00fctze ich dich dabei, deinen Hund besser zu verstehen und wieder mehr Ruhe und Klarheit in euren Alltag zu bringen. F\u00fchlt sich euer Alltag gerade anstrengend an? Is your dog pulling [&hellip;]<\/p>\n","protected":false},"author":1,"featured_media":0,"parent":0,"menu_order":0,"comment_status":"closed","ping_status":"closed","template":"","meta":{"footnotes":""},"class_list":["post-3174","page","type-page","status-publish","hentry"],"_links":{"self":[{"href":"https:\/\/www.hauland.fi\/de\/wp-json\/wp\/v2\/pages\/3174","targetHints":{"allow":["GET"]}}],"collection":[{"href":"https:\/\/www.hauland.fi\/de\/wp-json\/wp\/v2\/pages"}],"about":[{"href":"https:\/\/www.hauland.fi\/de\/wp-json\/wp\/v2\/types\/page"}],"author":[{"embeddable":true,"href":"https:\/\/www.hauland.fi\/de\/wp-json\/wp\/v2\/users\/1"}],"replies":[{"embeddable":true,"href":"https:\/\/www.hauland.fi\/de\/wp-json\/wp\/v2\/comments?post=3174"}],"version-history":[{"count":0,"href":"https:\/\/www.hauland.fi\/de\/wp-json\/wp\/v2\/pages\/3174\/revisions"}],"wp:attachment":[{"href":"https:\/\/www.hauland.fi\/de\/wp-json\/wp\/v2\/media?parent=3174"}],"curies":[{"name":"wp","href":"https:\/\/api.w.org\/{rel}","templated":true}]}}