{"id":1004,"date":"2024-04-17T12:15:00","date_gmt":"2024-04-17T12:15:00","guid":{"rendered":"https:\/\/www.hauland.fi\/koira-%f0%9f%90%a9-hoteli-%f0%9f%8f%a8\/"},"modified":"2024-04-20T06:17:03","modified_gmt":"2024-04-20T06:17:03","slug":"koira-%f0%9f%90%a9-hoteli-%f0%9f%8f%a8","status":"publish","type":"page","link":"https:\/\/www.hauland.fi\/fi\/koira-%f0%9f%90%a9-hoteli-%f0%9f%8f%a8\/","title":{"rendered":"Koira \ud83d\udc29 Hotelli \ud83c\udfe8"},"content":{"rendered":"\n<p><strong>Suunnitteletko lomaa, jonne et voi ottaa koiraasi mukaan? Tai onko muita syit\u00e4; joudut sairaalaan tms?<\/strong><\/p>\n\n\n\n<p><strong>Etk\u00f6 halua antaa koiraasi h\u00e4kki\/tarhamaiseen  hoitolaan? <\/strong><\/p>\n\n\n\n<p><strong>Sitten olet tullut oikeaan paikkaan.<\/strong><\/p>\n\n\n\n<p><strong>Koirasi on osa meid\u00e4n perhe-el\u00e4m\u00e4\u00e4mme, kun he ovat meill\u00e4 hoidossa. <\/strong><\/p>\n\n\n\n<p><strong>Koiravieraat ovat aina tervetulleita luokseni. Kodistani koirasi l\u00f6yt\u00e4\u00e4 paikan, jossa hoidan h\u00e4nt\u00e4 syd\u00e4mell\u00e4 ja rakkaudella. Koirasi voi liikkua vapaasti koirieni keskuudessa. Ulkoilutan koiraasi joka p\u00e4iv\u00e4 tai pid\u00e4n h\u00e4net kiireisen\u00e4 sis\u00e4tiloissa, kun ulkona ei ole hyv\u00e4 s\u00e4\u00e4. Toivotan tervetulleeksi my\u00f6s erityistarpeita omaavat koirat. Teen parhaani varmistaakseni, ettei mit\u00e4\u00e4n puutu. Esimerkiksi jos he ovat vanhoja koiria ja tarvitsevat l\u00e4\u00e4kkeit\u00e4\u00e4n. <\/strong><\/p>\n\n\n\n<p><strong>Hinta \/ koira <\/strong><\/p>\n\n\n\n<p><strong>45,- \u20ac \/ p\u00e4iv\u00e4\u00e4<\/strong><\/p>\n\n\n\n<p><strong>Yli viikon varausksista saat 5 % alennuksen.<\/strong><\/p>\n\n\n\n<figure class=\"wp-block-image size-full is-resized\"><img loading=\"lazy\" decoding=\"async\" width=\"960\" height=\"720\" src=\"https:\/\/www.hauland.fi\/wp-content\/uploads\/2024\/04\/WhatsApp-Bild-2024-04-17-um-17.00.09_a6ec4482.jpg\" alt=\"\" class=\"wp-image-996\" style=\"width:599px;height:auto\" srcset=\"https:\/\/www.hauland.fi\/wp-content\/uploads\/2024\/04\/WhatsApp-Bild-2024-04-17-um-17.00.09_a6ec4482.jpg 960w, https:\/\/www.hauland.fi\/wp-content\/uploads\/2024\/04\/WhatsApp-Bild-2024-04-17-um-17.00.09_a6ec4482-300x225.jpg 300w, https:\/\/www.hauland.fi\/wp-content\/uploads\/2024\/04\/WhatsApp-Bild-2024-04-17-um-17.00.09_a6ec4482-768x576.jpg 768w, https:\/\/www.hauland.fi\/wp-content\/uploads\/2024\/04\/WhatsApp-Bild-2024-04-17-um-17.00.09_a6ec4482-416x312.jpg 416w\" sizes=\"auto, (max-width: 960px) 100vw, 960px\" \/><\/figure>\n\n\n\n<figure class=\"wp-block-image size-large\"><img loading=\"lazy\" decoding=\"async\" width=\"1024\" height=\"878\" src=\"https:\/\/www.hauland.fi\/wp-content\/uploads\/2024\/04\/FB_IMG_1582294993432-1024x878.jpg\" alt=\"\" class=\"wp-image-1000\" srcset=\"https:\/\/www.hauland.fi\/wp-content\/uploads\/2024\/04\/FB_IMG_1582294993432-1024x878.jpg 1024w, https:\/\/www.hauland.fi\/wp-content\/uploads\/2024\/04\/FB_IMG_1582294993432-300x257.jpg 300w, https:\/\/www.hauland.fi\/wp-content\/uploads\/2024\/04\/FB_IMG_1582294993432-768x658.jpg 768w, https:\/\/www.hauland.fi\/wp-content\/uploads\/2024\/04\/FB_IMG_1582294993432-416x357.jpg 416w, https:\/\/www.hauland.fi\/wp-content\/uploads\/2024\/04\/FB_IMG_1582294993432.jpg 1080w\" sizes=\"auto, (max-width: 1024px) 100vw, 1024px\" \/><\/figure>\n","protected":false},"excerpt":{"rendered":"<p>Suunnitteletko lomaa, jonne et voi ottaa koiraasi mukaan? Tai onko muita syit\u00e4; joudut sairaalaan tms? Etk\u00f6 halua antaa koiraasi h\u00e4kki\/tarhamaiseen hoitolaan? Sitten olet tullut oikeaan paikkaan. Koirasi on osa meid\u00e4n perhe-el\u00e4m\u00e4\u00e4mme, kun he ovat meill\u00e4 hoidossa. Koiravieraat ovat aina tervetulleita luokseni. Kodistani koirasi l\u00f6yt\u00e4\u00e4 paikan, jossa hoidan h\u00e4nt\u00e4 syd\u00e4mell\u00e4 ja rakkaudella. Koirasi voi liikkua vapaasti [&hellip;]<\/p>\n","protected":false},"author":1,"featured_media":0,"parent":0,"menu_order":0,"comment_status":"closed","ping_status":"closed","template":"","meta":{"footnotes":""},"class_list":["post-1004","page","type-page","status-publish","hentry"],"_links":{"self":[{"href":"https:\/\/www.hauland.fi\/fi\/wp-json\/wp\/v2\/pages\/1004","targetHints":{"allow":["GET"]}}],"collection":[{"href":"https:\/\/www.hauland.fi\/fi\/wp-json\/wp\/v2\/pages"}],"about":[{"href":"https:\/\/www.hauland.fi\/fi\/wp-json\/wp\/v2\/types\/page"}],"author":[{"embeddable":true,"href":"https:\/\/www.hauland.fi\/fi\/wp-json\/wp\/v2\/users\/1"}],"replies":[{"embeddable":true,"href":"https:\/\/www.hauland.fi\/fi\/wp-json\/wp\/v2\/comments?post=1004"}],"version-history":[{"count":0,"href":"https:\/\/www.hauland.fi\/fi\/wp-json\/wp\/v2\/pages\/1004\/revisions"}],"wp:attachment":[{"href":"https:\/\/www.hauland.fi\/fi\/wp-json\/wp\/v2\/media?parent=1004"}],"curies":[{"name":"wp","href":"https:\/\/api.w.org\/{rel}","templated":true}]}}