{"id":136,"date":"2023-01-26T09:51:16","date_gmt":"2023-01-26T09:51:16","guid":{"rendered":"https:\/\/www.hauland.fi\/koira-koulu\/"},"modified":"2025-10-01T08:45:42","modified_gmt":"2025-10-01T08:45:42","slug":"koirakoulu","status":"publish","type":"page","link":"https:\/\/www.hauland.fi\/fi\/koirakoulu\/","title":{"rendered":"Koirakoulu"},"content":{"rendered":"\n<div class=\"wp-block-cover alignfull is-light is-style-inset-bottom\" style=\"min-height:100px;aspect-ratio:unset;\"><span aria-hidden=\"true\" class=\"wp-block-cover__background has-frischauf-background-color has-background-dim-100 has-background-dim\"><\/span><div class=\"wp-block-cover__inner-container is-layout-flow wp-block-cover-is-layout-flow\">\n<div style=\"height:50px\" aria-hidden=\"true\" class=\"wp-block-spacer\"><\/div>\n\n\n\n<div class=\"wp-block-columns is-layout-flex wp-container-core-columns-is-layout-28f84493 wp-block-columns-is-layout-flex\">\n<div class=\"wp-block-column is-layout-flow wp-block-column-is-layout-flow\" style=\"flex-basis:40%\">\n<h2 class=\"wp-block-heading has-white-color has-text-color\">Nauti oppimisesta<\/h2>\n\n\n\n<p class=\"has-black-color has-text-color has-normal-font-size\">Jokainen pentu on tervetullut koirakouluun, i\u00e4st\u00e4 tai rodusta riippumatta. Minun motivaationi on se, ett\u00e4 sin\u00e4 ja sinun koirasi hallitsette arjen yhdess\u00e4. Lis\u00e4ksi sinusta on hauska oppia uusia asioita yhdess\u00e4. Nelijalkaiset yst\u00e4v\u00e4mme haluavat miellytt\u00e4\u00e4 meit\u00e4 ja tehd\u00e4 asiat oikein. Ihmisen ja koiran suhdetta voidaan vahvistaa yhdess\u00e4 tekem\u00e4ll\u00e4.<\/p>\n\n\n\n<p class=\"has-black-color has-text-color has-normal-font-size\"><\/p>\n\n\n\n<div class=\"wp-block-button alignleft\"><a class=\"wp-block-button__link has-white-color has-black-background-color has-text-color has-background wp-element-button\" href=\"https:\/\/www.hauland.fi\/kontakt\/\">Varaa aika nyt<\/a><\/div>\n\n\n\n<div style=\"height:50px\" aria-hidden=\"true\" class=\"wp-block-spacer\"><\/div>\n<\/div>\n\n\n\n<div class=\"wp-block-column is-vertically-aligned-bottom is-layout-flow wp-block-column-is-layout-flow\">\n<figure class=\"wp-block-image size-large\"><img loading=\"lazy\" decoding=\"async\" width=\"1024\" height=\"678\" src=\"https:\/\/www.hauland.fi\/wp-content\/uploads\/2023\/01\/hunde-und-ich-1024x678.jpg\" alt=\"\" class=\"wp-image-107\" srcset=\"https:\/\/www.hauland.fi\/wp-content\/uploads\/2023\/01\/hunde-und-ich-1024x678.jpg 1024w, https:\/\/www.hauland.fi\/wp-content\/uploads\/2023\/01\/hunde-und-ich-300x199.jpg 300w, https:\/\/www.hauland.fi\/wp-content\/uploads\/2023\/01\/hunde-und-ich-768x509.jpg 768w, https:\/\/www.hauland.fi\/wp-content\/uploads\/2023\/01\/hunde-und-ich-416x276.jpg 416w, https:\/\/www.hauland.fi\/wp-content\/uploads\/2023\/01\/hunde-und-ich.jpg 1200w\" sizes=\"auto, (max-width: 1024px) 100vw, 1024px\" \/><\/figure>\n<\/div>\n<\/div>\n<\/div><\/div>\n\n\n\n<div style=\"height:50px\" aria-hidden=\"true\" class=\"wp-block-spacer\"><\/div>\n\n\n\n<p class=\"has-black-color has-text-color has-normal-font-size\">Jokaisella koiralla on oma motivaatonsa (herkut tai lelut) oppia uutta. Sen perusteella aloitamme koulutuksen. Joten on eritt\u00e4in t\u00e4rke\u00e4\u00e4, ett\u00e4 opit tuntemaan koirasi. T\u00e4m\u00e4n tiedon avulla menestyt ja pid\u00e4t hauskaa kursseilla. <\/p>\n\n\n\n<p class=\"has-black-color has-text-color has-normal-font-size\"><strong>Erityist\u00e4; Koirat voivat leikki\u00e4 toistensa kanssa tauon aikana.<\/strong> Se tukee karvaisten yst\u00e4viemme sosiaalisia taitoja.<\/p>\n\n\n\n<div style=\"height:50px\" aria-hidden=\"true\" class=\"wp-block-spacer\"><\/div>\n\n\n\n<div class=\"wp-block-columns is-layout-flex wp-container-core-columns-is-layout-28f84493 wp-block-columns-is-layout-flex\">\n<div class=\"wp-block-column is-style-card is-layout-flow wp-block-column-is-layout-flow\">\n<figure class=\"wp-block-image size-full\"><img loading=\"lazy\" decoding=\"async\" width=\"960\" height=\"720\" src=\"https:\/\/www.hauland.fi\/wp-content\/uploads\/2023\/01\/FinnWelpe-1.jpg\" alt=\"\" class=\"wp-image-112\" srcset=\"https:\/\/www.hauland.fi\/wp-content\/uploads\/2023\/01\/FinnWelpe-1.jpg 960w, https:\/\/www.hauland.fi\/wp-content\/uploads\/2023\/01\/FinnWelpe-1-300x225.jpg 300w, https:\/\/www.hauland.fi\/wp-content\/uploads\/2023\/01\/FinnWelpe-1-768x576.jpg 768w, https:\/\/www.hauland.fi\/wp-content\/uploads\/2023\/01\/FinnWelpe-1-416x312.jpg 416w\" sizes=\"auto, (max-width: 960px) 100vw, 960px\" \/><\/figure>\n\n\n\n<div style=\"height:50px\" aria-hidden=\"true\" class=\"wp-block-spacer\"><\/div>\n\n\n\n<div class=\"wp-block-group\"><div class=\"wp-block-group__inner-container is-layout-flow wp-block-group-is-layout-flow\">\n<h2 class=\"wp-block-heading\"><strong>Pentukoulu<\/strong><\/h2>\n\n\n\n<p>Koiralapset ovat el\u00e4m\u00e4ns\u00e4 alussa ja pentukoulussa he voivat oppia el\u00e4m\u00e4n s\u00e4\u00e4nt\u00f6j\u00e4 leikin kautta. He eiv\u00e4t tied\u00e4 mit\u00e4 haluamme heilt\u00e4. Mutta k\u00e4rsiv\u00e4llisyyden, hauskanpidon ja empatian avulla voimme opettaa sen heille. Kuten ihmislapset, pennut ovat uteliaita ja innokkaita l\u00f6yt\u00e4m\u00e4\u00e4n uusia asioita. Pentukoulussa kannustamme oikeaan k\u00e4ytt\u00e4ytymiseen, johdatamme heid\u00e4t uusien tilanteiden l\u00e4pi emmek\u00e4 kuormita heit\u00e4.<\/p>\n\n\n\n<p>Vuorottelevat kolutusyksik\u00f6t, leikkiminen ja oppiminen ovat pentukoulun perusta. Jokainen pentu on tervetullut.<\/p>\n<\/div><\/div>\n<\/div>\n\n\n\n<div class=\"wp-block-column is-style-card is-layout-flow wp-block-column-is-layout-flow\">\n<figure class=\"wp-block-image size-large\"><img loading=\"lazy\" decoding=\"async\" width=\"1024\" height=\"878\" src=\"https:\/\/www.hauland.fi\/wp-content\/uploads\/2023\/01\/FB_IMG_1582294993432-1024x878.jpg\" alt=\"\" class=\"wp-image-115\" srcset=\"https:\/\/www.hauland.fi\/wp-content\/uploads\/2023\/01\/FB_IMG_1582294993432-1024x878.jpg 1024w, https:\/\/www.hauland.fi\/wp-content\/uploads\/2023\/01\/FB_IMG_1582294993432-300x257.jpg 300w, https:\/\/www.hauland.fi\/wp-content\/uploads\/2023\/01\/FB_IMG_1582294993432-768x658.jpg 768w, https:\/\/www.hauland.fi\/wp-content\/uploads\/2023\/01\/FB_IMG_1582294993432-416x357.jpg 416w, https:\/\/www.hauland.fi\/wp-content\/uploads\/2023\/01\/FB_IMG_1582294993432.jpg 1080w\" sizes=\"auto, (max-width: 1024px) 100vw, 1024px\" \/><\/figure>\n\n\n\n<div style=\"height:50px\" aria-hidden=\"true\" class=\"wp-block-spacer\"><\/div>\n\n\n\n<div class=\"wp-block-group\"><div class=\"wp-block-group__inner-container is-layout-flow wp-block-group-is-layout-flow\">\n<h2 class=\"wp-block-heading\"><strong>Yksil\u00f6llinen koulutus<\/strong><\/h2>\n\n\n\n<p>T\u00e4\u00e4lt\u00e4 l\u00f6yd\u00e4t apua, jos sinulla on tilanteita, joissa olet ylikuormittunut nelijalkaisen yst\u00e4v\u00e4si kanssa. Yksityistunneilla k\u00e4sittelemme kyseist\u00e4 ongelmaa ja teemme yksil\u00f6llisi\u00e4 ratkaisuja. Tavoitteena on, ett\u00e4 sin\u00e4 ja koirasi olette rentoutuneita p\u00e4ivitt\u00e4isiss\u00e4 el\u00e4m\u00e4n rutiineissa.<\/p>\n\n\n\n<p><strong>Yleisi\u00e4 ongelmia:<\/strong><\/p>\n\n\n\n<ul class=\"wp-block-list\">\n<li>Hihnassa k\u00e4ytt\u00e4ytyminen<\/li>\n\n\n\n<li>Ahdistuksen ja stressin hallinta<\/li>\n\n\n\n<li>Resurssienhallinta<\/li>\n\n\n\n<li>Arkitilanteet<\/li>\n\n\n\n<li>Koiran tulee j\u00e4\u00e4d\u00e4 yksin kotiin<\/li>\n\n\n\n<li>Harjoitelu py\u00f6r\u00e4ilij\u00f6iden, rullaluistelijoiden ja h\u00f6lkk\u00e4\u00e4jien kanssa.<\/li>\n<\/ul>\n<\/div><\/div>\n<\/div>\n<\/div>\n\n\n\n<div class=\"wp-block-columns is-layout-flex wp-container-core-columns-is-layout-28f84493 wp-block-columns-is-layout-flex\">\n<div class=\"wp-block-column is-style-card is-layout-flow wp-block-column-is-layout-flow\">\n<figure class=\"wp-block-image size-large\"><img loading=\"lazy\" decoding=\"async\" width=\"1024\" height=\"678\" src=\"https:\/\/www.hauland.fi\/wp-content\/uploads\/2023\/01\/DSC_0168_2-scaled-1-1024x678.jpg\" alt=\"\" class=\"wp-image-118\" srcset=\"https:\/\/www.hauland.fi\/wp-content\/uploads\/2023\/01\/DSC_0168_2-scaled-1-1024x678.jpg 1024w, https:\/\/www.hauland.fi\/wp-content\/uploads\/2023\/01\/DSC_0168_2-scaled-1-300x199.jpg 300w, https:\/\/www.hauland.fi\/wp-content\/uploads\/2023\/01\/DSC_0168_2-scaled-1-768x509.jpg 768w, https:\/\/www.hauland.fi\/wp-content\/uploads\/2023\/01\/DSC_0168_2-scaled-1-1536x1017.jpg 1536w, https:\/\/www.hauland.fi\/wp-content\/uploads\/2023\/01\/DSC_0168_2-scaled-1-2048x1356.jpg 2048w, https:\/\/www.hauland.fi\/wp-content\/uploads\/2023\/01\/DSC_0168_2-scaled-1-416x275.jpg 416w\" sizes=\"auto, (max-width: 1024px) 100vw, 1024px\" \/><\/figure>\n\n\n\n<div class=\"wp-block-group\"><div class=\"wp-block-group__inner-container is-layout-flow wp-block-group-is-layout-flow\">\n<div style=\"height:50px\" aria-hidden=\"true\" class=\"wp-block-spacer\"><\/div>\n\n\n\n<h2 class=\"wp-block-heading\"><strong>Ryhm\u00e4ty\u00f6kurssi, Koiran kehonkieli<\/strong><\/h2>\n\n\n\n<p>Ty\u00f6pajassa haluaisin perehdytt\u00e4\u00e4 sinut koirien kommunikaatioon ja antaa yleiskatsauksen mahdollisuuksista. Saat teoreettiset perustiedot. Teemme videoita erilaisista tilanteista ja analysoimme niit\u00e4, t\u00e4\u00e4lt\u00e4 n\u00e4et paremmin kuinka koiran kielt\u00e4 k\u00e4ytet\u00e4\u00e4n. <\/p>\n<\/div><\/div>\n<\/div>\n\n\n\n<div class=\"wp-block-column is-style-card is-layout-flow wp-block-column-is-layout-flow\">\n<figure class=\"wp-block-image size-full\"><img loading=\"lazy\" decoding=\"async\" width=\"548\" height=\"365\" src=\"https:\/\/www.hauland.fi\/wp-content\/uploads\/2023\/01\/IMG_2467klein.jpg\" alt=\"\" class=\"wp-image-121\" srcset=\"https:\/\/www.hauland.fi\/wp-content\/uploads\/2023\/01\/IMG_2467klein.jpg 548w, https:\/\/www.hauland.fi\/wp-content\/uploads\/2023\/01\/IMG_2467klein-300x200.jpg 300w, https:\/\/www.hauland.fi\/wp-content\/uploads\/2023\/01\/IMG_2467klein-416x277.jpg 416w\" sizes=\"auto, (max-width: 548px) 100vw, 548px\" \/><\/figure>\n\n\n\n<div class=\"wp-block-group\"><div class=\"wp-block-group__inner-container is-layout-flow wp-block-group-is-layout-flow\">\n<div style=\"height:50px\" aria-hidden=\"true\" class=\"wp-block-spacer\"><\/div>\n\n\n\n<p class=\"has-large-font-size\"><strong>Ryhm\u00e4kurssi<\/strong><\/p>\n\n\n\n<p>Kukapa ei tied\u00e4 ett\u00e4 rakas koirani osaa tehd\u00e4 kaikkea hienosti yksin ja heti kun lajiveli on paikan p\u00e4\u00e4ll\u00e4, huomio tai keskittyminen on poissa eik\u00e4 mik\u00e4\u00e4n en\u00e4\u00e4 toimi.<\/p>\n\n\n\n<p>Ryhm\u00e4kurssin tavoite on oppia ty\u00f6skentelem\u00e4\u00e4n h\u00e4iri\u00f6tt\u00f6m\u00e4sti, vaikka ymp\u00e4rill\u00e4 olisi h\u00e4iri\u00f6tekij\u00f6it\u00e4. Ihmisten ja koirien on keskitytt\u00e4v\u00e4 yhdess\u00e4 saavuttaakseen tavoitteensa.<\/p>\n\n\n\n<p>Minun teht\u00e4v\u00e4ni on, ett\u00e4 jokainen ihminen yhdess\u00e4 koiransa kanssa l\u00f6yt\u00e4\u00e4 kurssilta tavan saavuttaa tavoitteet niin, ett\u00e4 ne voidaan toteuttaa tosiel\u00e4m\u00e4ss\u00e4.<\/p>\n\n\n\n<div style=\"height:50px\" aria-hidden=\"true\" class=\"wp-block-spacer\"><\/div>\n<\/div><\/div>\n<\/div>\n<\/div>\n\n\n\n<div style=\"height:50px\" aria-hidden=\"true\" class=\"wp-block-spacer\"><\/div>\n\n\n\n<h2 class=\"wp-block-heading\">Hinnat<\/h2>\n\n\n\n<figure class=\"wp-block-table is-style-stripes\"><table class=\"has-fixed-layout\"><thead><tr><th>Palvelu<\/th><th><\/th><\/tr><\/thead><tbody><tr><td>5x paketi pentu ja aikuinenkurssi 145 \u20ac<br>10x paketi pentu jaikuinenkurssi 260 \u20ac <br><br>Hihnakoulutus ryhm\u00e4ss\u00e4 33 \u20ac<br><\/td><td><br><br><br><\/td><\/tr><tr><td><br><br>Ryhm\u00e4ty\u00f6kurssi kehonkieli koira (3 tunti teoria ja 2 tunti k\u00e4yt\u00e4nn\u00f6llinen osa) 175 \u20ac<\/td><td><br><br><br><br><br><\/td><\/tr><tr><td>Yksil\u00f6llinen koulutus 90 \u20ac\/ t<br><br>Maksutiedot: OP (Osuus Pankki) Iban: FI13 5280 0020 1157 13<br><\/td><td><br><br><br><\/td><\/tr><\/tbody><\/table><\/figure>\n\n\n\n<div style=\"height:50px\" aria-hidden=\"true\" class=\"wp-block-spacer\"><\/div>\n\n\n\n<div class=\"wp-block-columns are-vertically-aligned-center is-style-card is-layout-flex wp-container-core-columns-is-layout-28f84493 wp-block-columns-is-layout-flex\">\n<div class=\"wp-block-column is-vertically-aligned-center bottom-collapse is-layout-flow wp-block-column-is-layout-flow\">\n<figure class=\"wp-block-image size-full bottom-collapse\"><img loading=\"lazy\" decoding=\"async\" width=\"960\" height=\"720\" src=\"https:\/\/www.hauland.fi\/wp-content\/uploads\/2023\/01\/trio3-1.jpg\" alt=\"\" class=\"wp-image-124\" srcset=\"https:\/\/www.hauland.fi\/wp-content\/uploads\/2023\/01\/trio3-1.jpg 960w, https:\/\/www.hauland.fi\/wp-content\/uploads\/2023\/01\/trio3-1-300x225.jpg 300w, https:\/\/www.hauland.fi\/wp-content\/uploads\/2023\/01\/trio3-1-768x576.jpg 768w, https:\/\/www.hauland.fi\/wp-content\/uploads\/2023\/01\/trio3-1-416x312.jpg 416w\" sizes=\"auto, (max-width: 960px) 100vw, 960px\" \/><\/figure>\n<\/div>\n\n\n\n<div class=\"wp-block-column is-vertically-aligned-center is-layout-flow wp-block-column-is-layout-flow\">\n<h2 class=\"wp-block-heading\"><br><strong>Aukioloajat<\/strong><\/h2>\n\n\n\n<p class=\"has-medium-font-size\"><strong>Ryhm\u00e4kurssit<\/strong> <strong>Aloitus 2. 10.2023.<\/strong><strong>Ilmoittautuminen nyt mahdollista<\/strong><\/p>\n\n\n\n<p>Maanantai klo:17.30 avoin luokka<\/p>\n\n\n\n<p>Tiistaina klo 19 hihnakoulutus Raisio<\/p>\n\n\n\n<p>Keskiviikko klo: 16:30 pentukurssi ja 18:30 hihnakoulutus Laitila<\/p>\n\n\n\n<p>Torstai 15 pm avoin luokka<\/p>\n\n\n\n<p>Lauantai klo 10 pentukurssi<\/p>\n\n\n\n<p>Lauantai klo 11 avoin luokka<\/p>\n<\/div>\n\n\n\n<div class=\"wp-block-column is-layout-flow wp-block-column-is-layout-flow\" style=\"flex-basis:20px\"><\/div>\n<\/div>\n\n\n\n<div style=\"height:50px\" aria-hidden=\"true\" class=\"wp-block-spacer\"><\/div>\n\n\n\n<div class=\"wp-block-cover alignfull\"><span aria-hidden=\"true\" class=\"wp-block-cover__background has-background-dim-0 has-background-dim\"><\/span><img loading=\"lazy\" decoding=\"async\" width=\"1080\" height=\"810\" class=\"wp-block-cover__image-background wp-image-127\" alt=\"\" src=\"https:\/\/www.hauland.fi\/wp-content\/uploads\/2023\/01\/Duo2.jpg\" style=\"object-position:50% 60%\" data-object-fit=\"cover\" data-object-position=\"50% 60%\" srcset=\"https:\/\/www.hauland.fi\/wp-content\/uploads\/2023\/01\/Duo2.jpg 1080w, https:\/\/www.hauland.fi\/wp-content\/uploads\/2023\/01\/Duo2-300x225.jpg 300w, https:\/\/www.hauland.fi\/wp-content\/uploads\/2023\/01\/Duo2-1024x768.jpg 1024w, https:\/\/www.hauland.fi\/wp-content\/uploads\/2023\/01\/Duo2-768x576.jpg 768w, https:\/\/www.hauland.fi\/wp-content\/uploads\/2023\/01\/Duo2-416x312.jpg 416w\" sizes=\"auto, (max-width: 1080px) 100vw, 1080px\" \/><div class=\"wp-block-cover__inner-container is-layout-flow wp-block-cover-is-layout-flow\">\n<p class=\"has-text-align-center has-large-font-size\"><\/p>\n<\/div><\/div>\n","protected":false},"excerpt":{"rendered":"<p>Jokaisella koiralla on oma motivaatonsa (herkut tai lelut) oppia uutta. Sen perusteella aloitamme koulutuksen. Joten on eritt\u00e4in t\u00e4rke\u00e4\u00e4, ett\u00e4 opit tuntemaan koirasi. T\u00e4m\u00e4n tiedon avulla menestyt ja pid\u00e4t hauskaa kursseilla. Erityist\u00e4; Koirat voivat leikki\u00e4 toistensa kanssa tauon aikana. Se tukee karvaisten yst\u00e4viemme sosiaalisia taitoja. Pentukoulu Koiralapset ovat el\u00e4m\u00e4ns\u00e4 alussa ja pentukoulussa he voivat oppia el\u00e4m\u00e4n [&hellip;]<\/p>\n","protected":false},"author":1,"featured_media":0,"parent":0,"menu_order":0,"comment_status":"closed","ping_status":"closed","template":"template-fullwidth.php","meta":{"footnotes":""},"class_list":["post-136","page","type-page","status-publish","hentry"],"_links":{"self":[{"href":"https:\/\/www.hauland.fi\/fi\/wp-json\/wp\/v2\/pages\/136","targetHints":{"allow":["GET"]}}],"collection":[{"href":"https:\/\/www.hauland.fi\/fi\/wp-json\/wp\/v2\/pages"}],"about":[{"href":"https:\/\/www.hauland.fi\/fi\/wp-json\/wp\/v2\/types\/page"}],"author":[{"embeddable":true,"href":"https:\/\/www.hauland.fi\/fi\/wp-json\/wp\/v2\/users\/1"}],"replies":[{"embeddable":true,"href":"https:\/\/www.hauland.fi\/fi\/wp-json\/wp\/v2\/comments?post=136"}],"version-history":[{"count":0,"href":"https:\/\/www.hauland.fi\/fi\/wp-json\/wp\/v2\/pages\/136\/revisions"}],"wp:attachment":[{"href":"https:\/\/www.hauland.fi\/fi\/wp-json\/wp\/v2\/media?parent=136"}],"curies":[{"name":"wp","href":"https:\/\/api.w.org\/{rel}","templated":true}]}}