{"id":150,"date":"2023-02-12T06:18:49","date_gmt":"2023-02-12T06:18:49","guid":{"rendered":"https:\/\/www.hauland.fi\/minusta\/"},"modified":"2023-08-27T14:19:16","modified_gmt":"2023-08-27T14:19:16","slug":"minusta","status":"publish","type":"page","link":"https:\/\/www.hauland.fi\/fi\/minusta\/","title":{"rendered":"Minusta"},"content":{"rendered":"\n<figure class=\"wp-block-image size-full\"><img loading=\"lazy\" decoding=\"async\" width=\"960\" height=\"720\" src=\"https:\/\/www.hauland.fi\/wp-content\/uploads\/2023\/01\/trio3-1.jpg\" alt=\"\" class=\"wp-image-124\" srcset=\"https:\/\/www.hauland.fi\/wp-content\/uploads\/2023\/01\/trio3-1.jpg 960w, https:\/\/www.hauland.fi\/wp-content\/uploads\/2023\/01\/trio3-1-300x225.jpg 300w, https:\/\/www.hauland.fi\/wp-content\/uploads\/2023\/01\/trio3-1-768x576.jpg 768w, https:\/\/www.hauland.fi\/wp-content\/uploads\/2023\/01\/trio3-1-416x312.jpg 416w\" sizes=\"auto, (max-width: 960px) 100vw, 960px\" \/><\/figure>\n\n<p>Juureni ovat It\u00e4vallassa. Olen kasvanut koirien ja kissojen kanssa. El\u00e4imet ovat aina olleet parhaita yst\u00e4vi\u00e4ni. Tiesin hyvin varhain, ett\u00e4 haluan ty\u00f6skennell\u00e4 koirien kanssa. Pid\u00e4n ihmisten kanssa ty\u00f6skentelyst\u00e4. Ensin kokeilin erilaisia t\u00f6it\u00e4 ja opiskelin kelttien ja skandinaavien historiaa. Opintojeni ohella k\u00e4vin koiran kouluttajakoulutuksessa. Sen j\u00e4lkeen aloin nopeasti ty\u00f6skennell\u00e4 koirankouluttajana ja perustin oman koirakoulun. Kun tapsin suomalaisen tytt\u00f6yst\u00e4v\u00e4ni, p\u00e4\u00e4timme muuttaa suomeen. Haluaisin nyt aloittaa koirakoulun t\u00e4nne. Opin jo puhumaan suomea, mutta se ei ole helppoa. Min\u00e4 tykk\u00e4\u00e4n opettaa ihmisille kaiken, mit\u00e4 tied\u00e4n koirista.Yrit\u00e4n parhaani tehd\u00e4 sen suomeksi. Toivottavasti n\u00e4hd\u00e4\u00e4n pian koirakoulussani. <\/p>\n","protected":false},"excerpt":{"rendered":"<p>Juureni ovat It\u00e4vallassa. Olen kasvanut koirien ja kissojen kanssa. El\u00e4imet ovat aina olleet parhaita yst\u00e4vi\u00e4ni. Tiesin hyvin varhain, ett\u00e4 haluan ty\u00f6skennell\u00e4 koirien kanssa. Pid\u00e4n ihmisten kanssa ty\u00f6skentelyst\u00e4. Ensin kokeilin erilaisia t\u00f6it\u00e4 ja opiskelin kelttien ja skandinaavien historiaa. Opintojeni ohella k\u00e4vin koiran kouluttajakoulutuksessa. Sen j\u00e4lkeen aloin nopeasti ty\u00f6skennell\u00e4 koirankouluttajana ja perustin oman koirakoulun. Kun tapsin suomalaisen [&hellip;]<\/p>\n","protected":false},"author":1,"featured_media":0,"parent":0,"menu_order":0,"comment_status":"closed","ping_status":"closed","template":"template-fullwidth.php","meta":{"footnotes":""},"class_list":["post-150","page","type-page","status-publish","hentry"],"_links":{"self":[{"href":"https:\/\/www.hauland.fi\/fi\/wp-json\/wp\/v2\/pages\/150","targetHints":{"allow":["GET"]}}],"collection":[{"href":"https:\/\/www.hauland.fi\/fi\/wp-json\/wp\/v2\/pages"}],"about":[{"href":"https:\/\/www.hauland.fi\/fi\/wp-json\/wp\/v2\/types\/page"}],"author":[{"embeddable":true,"href":"https:\/\/www.hauland.fi\/fi\/wp-json\/wp\/v2\/users\/1"}],"replies":[{"embeddable":true,"href":"https:\/\/www.hauland.fi\/fi\/wp-json\/wp\/v2\/comments?post=150"}],"version-history":[{"count":0,"href":"https:\/\/www.hauland.fi\/fi\/wp-json\/wp\/v2\/pages\/150\/revisions"}],"wp:attachment":[{"href":"https:\/\/www.hauland.fi\/fi\/wp-json\/wp\/v2\/media?parent=150"}],"curies":[{"name":"wp","href":"https:\/\/api.w.org\/{rel}","templated":true}]}}