{"id":382,"date":"2023-08-27T11:56:28","date_gmt":"2023-08-27T11:56:28","guid":{"rendered":"https:\/\/www.hauland.fi\/sjungande-skalar-ljudterapi\/"},"modified":"2023-09-06T06:26:42","modified_gmt":"2023-09-06T06:26:42","slug":"sjungande-skalar-ljudterapi","status":"publish","type":"page","link":"https:\/\/www.hauland.fi\/sv\/sjungande-skalar-ljudterapi\/","title":{"rendered":"Sjungande sk\u00e5lar ljudterapi"},"content":{"rendered":"\n<p class=\"has-medium-font-size\"><strong>Welcome to my Sound Healing service!<\/strong><\/p>\n\n<figure class=\"wp-block-image size-large\"><img loading=\"lazy\" decoding=\"async\" width=\"1024\" height=\"539\" src=\"https:\/\/www.hauland.fi\/wp-content\/uploads\/2023\/08\/20230829_074304-1-1024x539.jpg\" alt=\"\" class=\"wp-image-342\" srcset=\"https:\/\/www.hauland.fi\/wp-content\/uploads\/2023\/08\/20230829_074304-1-1024x539.jpg 1024w, https:\/\/www.hauland.fi\/wp-content\/uploads\/2023\/08\/20230829_074304-1-300x158.jpg 300w, https:\/\/www.hauland.fi\/wp-content\/uploads\/2023\/08\/20230829_074304-1-768x404.jpg 768w, https:\/\/www.hauland.fi\/wp-content\/uploads\/2023\/08\/20230829_074304-1-1536x808.jpg 1536w, https:\/\/www.hauland.fi\/wp-content\/uploads\/2023\/08\/20230829_074304-1-2048x1077.jpg 2048w, https:\/\/www.hauland.fi\/wp-content\/uploads\/2023\/08\/20230829_074304-1-416x219.jpg 416w\" sizes=\"auto, (max-width: 1024px) 100vw, 1024px\" \/><\/figure>\n\n<p><strong> Ljudterapi med sjungande sk\u00e5lar(klangsk\u00e5lar) lite historia. <\/strong><\/p>\n\n<p><strong>Ljud fr\u00e5n trummor, fl\u00f6jter och bronssk\u00e5lar har f\u00f6ljt m\u00e4nskligheten sen tidernas begynnelse. V\u00e5ra f\u00f6rf\u00e4der anv\u00e4nde dem p\u00e5 m\u00e5nga olika s\u00e4tt. \u00c4ven v\u00e5r mors r\u00f6st var och \u00e4r ett kraftfullt instrument som f\u00e5r oss att k\u00e4nna oss trygga och st\u00f6der v\u00e5r f\u00f6rm\u00e5ga till sj\u00e4lvhelande. M\u00e5nga shamaner fr\u00e5n forntidens folk anv\u00e4nde ljud i sina ritualer bl a f\u00f6r att f\u00e5 kontakt med gudarna eller f\u00f6r att hela m\u00e4nniskor fr\u00e5n sjukdomar. Sjungande sk\u00e5lar eller klangsk\u00e5lar har en l\u00e5ng historia och antas h\u00e4rstamma fr\u00e5n trakterna kring Nepal, Himalaya och Indien och de \u00e4r alltid handgjorda. \u00c4nnu under medeltiden anv\u00e4ndes musik och ljud av helbr\u00e4gdag\u00f6rare som komplement till behandlingen. Ljudmassage s\u00e5som vi idag k\u00e4nner till den utvecklades i Europa p\u00e5 60- och 70-talet. Sk\u00e5lens ljud g\u00f6r att v\u00e5r kropp vibrerar harmoniskt. Klubban \u00e4r ocks\u00e5 v\u00e4ldigt viktig den f\u00f6rst\u00e4rker de harmoniska ljuden. <\/strong> <\/p>\n\n<p><\/p>\n\n<p><strong>M\u00e5let med Ljudmassage och ljudterapi<\/strong><\/p>\n\n<p><strong>Ljudet aktiverar kroppens f\u00f6rm\u00e5ga till sj\u00e4lvhelande. N\u00e4r sk\u00e5larna b\u00f6rjar sjunga f\u00f6r\u00e4ndras genast ditt hum\u00f6r och din energi. Tankarna tystnar, hela kroppen slappnar av och ett inre lugn sprider sig. Musiken och rytmen f\u00e5r dig att uppleva inre harmoni. <\/strong><\/p>\n\n<p><\/p>\n\n<p><strong>Energisk behandling med sjungande sk\u00e5lar<\/strong><\/p>\n\n<p><strong>Inledningsvis talar vi om dina \u00f6nskem\u00e5l och hur jag kan hj\u00e4lpa dig med klangsk\u00e5larna. Under behandlingen kan du sitta eller ligga p\u00e5 massagebordet medan jag spelar p\u00e5 sk\u00e5larna. Varje behandling \u00e4r individuell. Ljudmassage ers\u00e4tter inte sjukv\u00e5rdande behandling av l\u00e4kare eller terapist. <\/strong><\/p>\n\n<p><strong>Operational area, additional to a therapy, preventive and to strengthen your health<\/strong>.<\/p>\n\n<p>Rekommenderas att man g\u00e5r minst 3 ggr f\u00f6r att f\u00e5 mer varaktig effekt.<\/p>\n\n<p><strong>Book an appointment<\/strong><\/p>\n\n<p><strong>Priser<\/strong><\/p>\n\n<p><strong>30 minutes <\/strong> <strong>45 \u20ac<\/strong><\/p>\n\n<p><strong>50 minutes<\/strong> <strong>60 \u20ac<\/strong>             <\/p>\n\n<p><\/p>\n","protected":false},"excerpt":{"rendered":"<p>Welcome to my Sound Healing service! Ljudterapi med sjungande sk\u00e5lar(klangsk\u00e5lar) lite historia. Ljud fr\u00e5n trummor, fl\u00f6jter och bronssk\u00e5lar har f\u00f6ljt m\u00e4nskligheten sen tidernas begynnelse. V\u00e5ra f\u00f6rf\u00e4der anv\u00e4nde dem p\u00e5 m\u00e5nga olika s\u00e4tt. \u00c4ven v\u00e5r mors r\u00f6st var och \u00e4r ett kraftfullt instrument som f\u00e5r oss att k\u00e4nna oss trygga och st\u00f6der v\u00e5r f\u00f6rm\u00e5ga till sj\u00e4lvhelande. [&hellip;]<\/p>\n","protected":false},"author":1,"featured_media":0,"parent":0,"menu_order":0,"comment_status":"closed","ping_status":"closed","template":"","meta":{"footnotes":""},"class_list":["post-382","page","type-page","status-publish","hentry"],"_links":{"self":[{"href":"https:\/\/www.hauland.fi\/sv\/wp-json\/wp\/v2\/pages\/382","targetHints":{"allow":["GET"]}}],"collection":[{"href":"https:\/\/www.hauland.fi\/sv\/wp-json\/wp\/v2\/pages"}],"about":[{"href":"https:\/\/www.hauland.fi\/sv\/wp-json\/wp\/v2\/types\/page"}],"author":[{"embeddable":true,"href":"https:\/\/www.hauland.fi\/sv\/wp-json\/wp\/v2\/users\/1"}],"replies":[{"embeddable":true,"href":"https:\/\/www.hauland.fi\/sv\/wp-json\/wp\/v2\/comments?post=382"}],"version-history":[{"count":0,"href":"https:\/\/www.hauland.fi\/sv\/wp-json\/wp\/v2\/pages\/382\/revisions"}],"wp:attachment":[{"href":"https:\/\/www.hauland.fi\/sv\/wp-json\/wp\/v2\/media?parent=382"}],"curies":[{"name":"wp","href":"https:\/\/api.w.org\/{rel}","templated":true}]}}