{"id":384,"date":"2023-02-12T06:18:49","date_gmt":"2023-02-12T06:18:49","guid":{"rendered":"https:\/\/www.hauland.fi\/om-mig\/"},"modified":"2023-09-07T07:49:31","modified_gmt":"2023-09-07T07:49:31","slug":"om-mig","status":"publish","type":"page","link":"https:\/\/www.hauland.fi\/sv\/om-mig\/","title":{"rendered":"Om mig"},"content":{"rendered":"\n<figure class=\"wp-block-image size-full\"><img loading=\"lazy\" decoding=\"async\" width=\"960\" height=\"720\" src=\"https:\/\/www.hauland.fi\/wp-content\/uploads\/2023\/01\/trio3-1.jpg\" alt=\"\" class=\"wp-image-124\" srcset=\"https:\/\/www.hauland.fi\/wp-content\/uploads\/2023\/01\/trio3-1.jpg 960w, https:\/\/www.hauland.fi\/wp-content\/uploads\/2023\/01\/trio3-1-300x225.jpg 300w, https:\/\/www.hauland.fi\/wp-content\/uploads\/2023\/01\/trio3-1-768x576.jpg 768w, https:\/\/www.hauland.fi\/wp-content\/uploads\/2023\/01\/trio3-1-416x312.jpg 416w\" sizes=\"auto, (max-width: 960px) 100vw, 960px\" \/><\/figure>\n\n<p>Mina r\u00f6tter \u00e4r i \u00d6sterrike. Jag \u00e4r uppv\u00e4xt med hundar och katter. Djur har alltid varit mina b\u00e4sta v\u00e4nner. Jag visste tidigt att jag ville arbeta med hundar men jag trivs. Ocks\u00e5 med att jobba med m\u00e4nniskor. Jag hade olika arbeten och studerade keltisk och skandinavisk historia. Vid sidan om studierna gick jag en utbildning till hundinstrukt\u00f6r. Jag b\u00f6rjade sen snabbt arbetet som hundinstrukt\u00f6r och startade min egen hundskola. Efter att jag tr\u00e4ffade min finl\u00e4ndska flickv\u00e4n, besl\u00f6t vi att flytta till Finland, Jag t\u00e4nker nu starta en hundskola h\u00e4r. Jag har redan b\u00f6rjat l\u00e4ra mig finska , men det \u00e4r inte l\u00e4tt. Jag tycker om att l\u00e4ra m\u00e4nniskor allt jag vet om hundar och jag f\u00f6rs\u00f6ker att g\u00f6ra det p\u00e5 finska. Jag hoppas vi ses i min hundskola. <\/p>\n","protected":false},"excerpt":{"rendered":"<p>Mina r\u00f6tter \u00e4r i \u00d6sterrike. Jag \u00e4r uppv\u00e4xt med hundar och katter. Djur har alltid varit mina b\u00e4sta v\u00e4nner. Jag visste tidigt att jag ville arbeta med hundar men jag trivs. Ocks\u00e5 med att jobba med m\u00e4nniskor. Jag hade olika arbeten och studerade keltisk och skandinavisk historia. Vid sidan om studierna gick jag en utbildning [&hellip;]<\/p>\n","protected":false},"author":1,"featured_media":0,"parent":0,"menu_order":0,"comment_status":"closed","ping_status":"closed","template":"template-fullwidth.php","meta":{"footnotes":""},"class_list":["post-384","page","type-page","status-publish","hentry"],"_links":{"self":[{"href":"https:\/\/www.hauland.fi\/sv\/wp-json\/wp\/v2\/pages\/384","targetHints":{"allow":["GET"]}}],"collection":[{"href":"https:\/\/www.hauland.fi\/sv\/wp-json\/wp\/v2\/pages"}],"about":[{"href":"https:\/\/www.hauland.fi\/sv\/wp-json\/wp\/v2\/types\/page"}],"author":[{"embeddable":true,"href":"https:\/\/www.hauland.fi\/sv\/wp-json\/wp\/v2\/users\/1"}],"replies":[{"embeddable":true,"href":"https:\/\/www.hauland.fi\/sv\/wp-json\/wp\/v2\/comments?post=384"}],"version-history":[{"count":0,"href":"https:\/\/www.hauland.fi\/sv\/wp-json\/wp\/v2\/pages\/384\/revisions"}],"wp:attachment":[{"href":"https:\/\/www.hauland.fi\/sv\/wp-json\/wp\/v2\/media?parent=384"}],"curies":[{"name":"wp","href":"https:\/\/api.w.org\/{rel}","templated":true}]}}