{"id":385,"date":"2023-01-20T10:39:43","date_gmt":"2023-01-20T10:39:43","guid":{"rendered":"https:\/\/www.hauland.fi\/home\/"},"modified":"2023-09-07T07:55:03","modified_gmt":"2023-09-07T07:55:03","slug":"home","status":"publish","type":"page","link":"https:\/\/www.hauland.fi\/sv\/","title":{"rendered":"Home"},"content":{"rendered":"\n<div class=\"wp-block-cover alignfull is-light is-style-inset-bottom\" style=\"min-height:100px;aspect-ratio:unset;\"><span aria-hidden=\"true\" class=\"wp-block-cover__background has-frischauf-background-color has-background-dim-100 has-background-dim\"><\/span><div class=\"wp-block-cover__inner-container is-layout-flow wp-block-cover-is-layout-flow\">\n<div style=\"height:50px\" aria-hidden=\"true\" class=\"wp-block-spacer\"><\/div>\n\n\n\n<p class=\"has-text-align-center has-huge-font-size\">V\u00e4lkommen till ,,Hauland\u201d \u2013 Speciella tj\u00e4nster f\u00f6r DIG och din Hund<\/p>\n\n\n\n<p>Hundskola \u2013 B&amp;B \u2013 Ljudmassage (Klangsk\u00e5lar) &#8211; Hundfoder\/ Hundmat<\/p>\n\n\n<div class=\"wp-block-image overlay-bottom\">\n<figure class=\"aligncenter size-full\"><img loading=\"lazy\" decoding=\"async\" width=\"1200\" height=\"795\" src=\"https:\/\/www.hauland.fi\/wp-content\/uploads\/2023\/01\/hunde-und-ich.jpg\" alt=\"\" class=\"wp-image-107\" srcset=\"https:\/\/www.hauland.fi\/wp-content\/uploads\/2023\/01\/hunde-und-ich.jpg 1200w, https:\/\/www.hauland.fi\/wp-content\/uploads\/2023\/01\/hunde-und-ich-300x199.jpg 300w, https:\/\/www.hauland.fi\/wp-content\/uploads\/2023\/01\/hunde-und-ich-1024x678.jpg 1024w, https:\/\/www.hauland.fi\/wp-content\/uploads\/2023\/01\/hunde-und-ich-768x509.jpg 768w, https:\/\/www.hauland.fi\/wp-content\/uploads\/2023\/01\/hunde-und-ich-416x276.jpg 416w\" sizes=\"auto, (max-width: 1200px) 100vw, 1200px\" \/><\/figure>\n<\/div><\/div><\/div>\n\n<div style=\"height:25px\" aria-hidden=\"true\" class=\"wp-block-spacer\"><\/div>\n\n<div class=\"wp-block-group alignfull\"><div class=\"wp-block-group__inner-container is-layout-flow wp-block-group-is-layout-flow\">\n<p class=\"has-text-align-center has-medium-font-size\"><strong>mina tj\u00e4nster i hundskolan<\/strong> <br\/><strong>hundskola, privatlektioner, specialkurser<br\/>hundfoder\/ hundmat<br\/>workshops med hundar<\/strong><\/p>\n<\/div><\/div>\n\n<figure class=\"wp-block-embed is-type-video is-provider-youtube wp-block-embed-youtube wp-embed-aspect-16-9 wp-has-aspect-ratio\"><div class=\"wp-block-embed__wrapper\">\n<iframe loading=\"lazy\" title=\"HaulandVideo\" width=\"980\" height=\"551\" src=\"https:\/\/www.youtube.com\/embed\/UBtnhxWocWo?start=63&#038;feature=oembed\" frameborder=\"0\" allow=\"accelerometer; autoplay; clipboard-write; encrypted-media; gyroscope; picture-in-picture; web-share\" allowfullscreen><\/iframe>\n<\/div><figcaption class=\"wp-element-caption\"><br><\/figcaption><\/figure>\n\n<p><strong>I videon kan du ta del av vad jag erbjuder p\u00e5 Finska med engelsk text.<\/strong><\/p>\n\n<div class=\"wp-block-columns is-layout-flex wp-container-core-columns-is-layout-28f84493 wp-block-columns-is-layout-flex\">\n<div class=\"wp-block-column is-layout-flow wp-block-column-is-layout-flow\" style=\"flex-basis:100%\">\n<div class=\"wp-block-cover is-light\" style=\"min-height:560px;aspect-ratio:unset;\"><span aria-hidden=\"true\" class=\"wp-block-cover__background has-background-dim-40 has-background-dim\"><\/span><img loading=\"lazy\" decoding=\"async\" width=\"1280\" height=\"720\" class=\"wp-block-cover__image-background wp-image-70\" alt=\"\" src=\"https:\/\/www.hauland.fi\/wp-content\/uploads\/2023\/01\/video-vorschau-frischauf.webp\" data-object-fit=\"cover\" srcset=\"https:\/\/www.hauland.fi\/wp-content\/uploads\/2023\/01\/video-vorschau-frischauf.webp 1280w, https:\/\/www.hauland.fi\/wp-content\/uploads\/2023\/01\/video-vorschau-frischauf-300x169.webp 300w, https:\/\/www.hauland.fi\/wp-content\/uploads\/2023\/01\/video-vorschau-frischauf-1024x576.webp 1024w, https:\/\/www.hauland.fi\/wp-content\/uploads\/2023\/01\/video-vorschau-frischauf-768x432.webp 768w, https:\/\/www.hauland.fi\/wp-content\/uploads\/2023\/01\/video-vorschau-frischauf-416x234.webp 416w\" sizes=\"auto, (max-width: 1280px) 100vw, 1280px\" \/><div class=\"wp-block-cover__inner-container is-layout-flow wp-block-cover-is-layout-flow\">\n<div class=\"wp-block-buttons is-content-justification-center is-layout-flex wp-container-core-buttons-is-layout-a89b3969 wp-block-buttons-is-layout-flex\">\n<div class=\"wp-block-button\"><a class=\"wp-block-button__link has-frischauf-background-color has-background wp-element-button\" href=\"https:\/\/www.youtube.com\/watch?v=YmKB9JSVwqo\" target=\"_blank\" rel=\"noreferrer noopener\">See video on YouTube<\/a><\/div>\n<\/div>\n\n\n\n<div style=\"height:25px\" aria-hidden=\"true\" class=\"wp-block-spacer\"><\/div>\n\n\n\n<p class=\"has-text-align-center\"><\/p>\n<\/div><\/div>\n\n\n\n<p><strong>I denh\u00e4r videon f\u00e5r du en \u00f6versikt av vad jag erbj\u00f6d i \u00d6sterrike.<\/strong><\/p>\n<\/div>\n<\/div>\n<div class=\"wp-block-image\">\n<figure class=\"aligncenter size-full\"><img loading=\"lazy\" decoding=\"async\" width=\"300\" height=\"300\" src=\"https:\/\/www.hauland.fi\/wp-content\/uploads\/2023\/01\/frischauf-trio-300x300-1.jpg\" alt=\"\" class=\"wp-image-73\" srcset=\"https:\/\/www.hauland.fi\/wp-content\/uploads\/2023\/01\/frischauf-trio-300x300-1.jpg 300w, https:\/\/www.hauland.fi\/wp-content\/uploads\/2023\/01\/frischauf-trio-300x300-1-150x150.jpg 150w, https:\/\/www.hauland.fi\/wp-content\/uploads\/2023\/01\/frischauf-trio-300x300-1-100x100.jpg 100w\" sizes=\"auto, (max-width: 300px) 100vw, 300px\" \/><\/figure>\n<\/div>\n<blockquote class=\"wp-block-quote has-text-align-center is-layout-flow wp-block-quote-is-layout-flow\">\n<p>Precis som m\u00e4nniskan \u00e4r hundar individer.<br\/>Kreativa tr\u00e4ningstekniker kombinerade med hj\u00e4rta och motto:<br\/>\u201dallt har sin egen hastighet, tills det \u00e4r klart\u201d<br\/>deth\u00e4r utg\u00f6r grunden f\u00f6r en bra hundtr\u00e4ning.<\/p>\n<\/blockquote>\n\n<div style=\"height:50px\" aria-hidden=\"true\" class=\"wp-block-spacer\"><\/div>\n\n<div class=\"wp-block-cover alignfull is-light is-style-inset-top\"><span aria-hidden=\"true\" class=\"wp-block-cover__background has-frischauf-background-color has-background-dim-100 has-background-dim\"><\/span><div class=\"wp-block-cover__inner-container is-layout-flow wp-block-cover-is-layout-flow\">\n<div class=\"wp-block-group alignwide pull\"><div class=\"wp-block-group__inner-container is-layout-flow wp-block-group-is-layout-flow\">\n\n\n<div style=\"height:50px\" aria-hidden=\"true\" class=\"wp-block-spacer\"><\/div>\n\n\n\n<div class=\"wp-block-button aligncenter\"><a class=\"wp-block-button__link has-white-color has-black-background-color has-text-color has-background wp-element-button\" href=\"https:\/\/www.hauland.fi\/shop\/\">to the HAULAND-Shop<\/a><\/div>\n<\/div><\/div>\n<\/div><\/div>\n","protected":false},"excerpt":{"rendered":"<p>mina tj\u00e4nster i hundskolan hundskola, privatlektioner, specialkurserhundfoder\/ hundmatworkshops med hundar I videon kan du ta del av vad jag erbjuder p\u00e5 Finska med engelsk text. I denh\u00e4r videon f\u00e5r du en \u00f6versikt av vad jag erbj\u00f6d i \u00d6sterrike. Precis som m\u00e4nniskan \u00e4r hundar individer.Kreativa tr\u00e4ningstekniker kombinerade med hj\u00e4rta och motto:\u201dallt har sin egen hastighet, tills [&hellip;]<\/p>\n","protected":false},"author":1,"featured_media":0,"parent":0,"menu_order":0,"comment_status":"closed","ping_status":"closed","template":"template-fullwidth.php","meta":{"footnotes":""},"class_list":["post-385","page","type-page","status-publish","hentry"],"_links":{"self":[{"href":"https:\/\/www.hauland.fi\/sv\/wp-json\/wp\/v2\/pages\/385","targetHints":{"allow":["GET"]}}],"collection":[{"href":"https:\/\/www.hauland.fi\/sv\/wp-json\/wp\/v2\/pages"}],"about":[{"href":"https:\/\/www.hauland.fi\/sv\/wp-json\/wp\/v2\/types\/page"}],"author":[{"embeddable":true,"href":"https:\/\/www.hauland.fi\/sv\/wp-json\/wp\/v2\/users\/1"}],"replies":[{"embeddable":true,"href":"https:\/\/www.hauland.fi\/sv\/wp-json\/wp\/v2\/comments?post=385"}],"version-history":[{"count":0,"href":"https:\/\/www.hauland.fi\/sv\/wp-json\/wp\/v2\/pages\/385\/revisions"}],"wp:attachment":[{"href":"https:\/\/www.hauland.fi\/sv\/wp-json\/wp\/v2\/media?parent=385"}],"curies":[{"name":"wp","href":"https:\/\/api.w.org\/{rel}","templated":true}]}}